{"id":90,"date":"2017-07-12T09:36:12","date_gmt":"2017-07-12T07:36:12","guid":{"rendered":"https:\/\/betriebsratjaw.wordpress.com\/?page_id=90"},"modified":"2018-06-11T08:03:16","modified_gmt":"2018-06-11T08:03:16","slug":"betriebsratsfonds","status":"publish","type":"page","link":"https:\/\/betriebsrat.jaw.or.at\/?page_id=90","title":{"rendered":"Betriebsratsfonds"},"content":{"rendered":"<p><em>Der Betriebsratsfonds speist sich aus der Betriebsratsumlage jedes einzelnen Mitarbeiters und ist zugunsten der Mitarbeiterinnen zu verwenden.<\/em><\/p>\n<p><strong>Betriebsratsgutscheine:<\/strong><\/p>\n<ul>\n<li>Dienstjubil\u00e4um<\/li>\n<li>Runder Geburtstag<\/li>\n<li>Eheschlie\u00dfung<\/li>\n<li>Geburt<\/li>\n<li>Fachspezifische Qualifizierung<\/li>\n<li>Pensionierung<\/li>\n<\/ul>\n<p><strong>Sozialfonds f\u00fcr H\u00e4rtef\u00e4lle:<\/strong> f\u00fcr Mitarbeiterinnen, die sich finanziell in einer akuten Notlage befinden, z.B.: Weihnachtsgeldaushilfe, Kaution, &#8230;<\/p>\n<p><strong>Zusch\u00fcsse:<\/strong> Impfungen, Fitnessstudio, &#8230;<\/p>\n<p><strong>Aktionen:<\/strong> Walk4fun, Yoga, Achtsamkeitstraining, Fit2work-Aktionen, &#8230;<\/p>\n<p><strong>Veranstaltungen und betriebliche Ausfl\u00fcge:<\/strong> Betriebsausfl\u00fcge, Mobilit\u00e4tsaktion, Sommerferienspass,<\/p>\n","protected":false},"excerpt":{"rendered":"<p>Der Betriebsratsfonds speist sich aus der Betriebsratsumlage jedes einzelnen Mitarbeiters und ist zugunsten der Mitarbeiterinnen zu verwenden. Betriebsratsgutscheine: Dienstjubil\u00e4um Runder Geburtstag Eheschlie\u00dfung Geburt Fachspezifische Qualifizierung Pensionierung Sozialfonds f\u00fcr H\u00e4rtef\u00e4lle: f\u00fcr Mitarbeiterinnen, die sich finanziell in einer akuten Notlage befinden, z.B.: &hellip; <a href=\"https:\/\/betriebsrat.jaw.or.at\/?page_id=90\">Weiterlesen <span class=\"meta-nav\">&rarr;<\/span><\/a><\/p>\n","protected":false},"author":2,"featured_media":0,"parent":78,"menu_order":0,"comment_status":"closed","ping_status":"closed","template":"","meta":{"footnotes":""},"class_list":["post-90","page","type-page","status-publish","hentry"],"_links":{"self":[{"href":"https:\/\/betriebsrat.jaw.or.at\/index.php?rest_route=\/wp\/v2\/pages\/90","targetHints":{"allow":["GET"]}}],"collection":[{"href":"https:\/\/betriebsrat.jaw.or.at\/index.php?rest_route=\/wp\/v2\/pages"}],"about":[{"href":"https:\/\/betriebsrat.jaw.or.at\/index.php?rest_route=\/wp\/v2\/types\/page"}],"author":[{"embeddable":true,"href":"https:\/\/betriebsrat.jaw.or.at\/index.php?rest_route=\/wp\/v2\/users\/2"}],"replies":[{"embeddable":true,"href":"https:\/\/betriebsrat.jaw.or.at\/index.php?rest_route=%2Fwp%2Fv2%2Fcomments&post=90"}],"version-history":[{"count":1,"href":"https:\/\/betriebsrat.jaw.or.at\/index.php?rest_route=\/wp\/v2\/pages\/90\/revisions"}],"predecessor-version":[{"id":601,"href":"https:\/\/betriebsrat.jaw.or.at\/index.php?rest_route=\/wp\/v2\/pages\/90\/revisions\/601"}],"up":[{"embeddable":true,"href":"https:\/\/betriebsrat.jaw.or.at\/index.php?rest_route=\/wp\/v2\/pages\/78"}],"wp:attachment":[{"href":"https:\/\/betriebsrat.jaw.or.at\/index.php?rest_route=%2Fwp%2Fv2%2Fmedia&parent=90"}],"curies":[{"name":"wp","href":"https:\/\/api.w.org\/{rel}","templated":true}]}}