{"id":78,"date":"2017-07-11T14:05:49","date_gmt":"2017-07-11T12:05:49","guid":{"rendered":"https:\/\/betriebsratjaw.wordpress.com\/?page_id=78"},"modified":"2023-02-28T14:14:36","modified_gmt":"2023-02-28T14:14:36","slug":"ueber-uns","status":"publish","type":"page","link":"https:\/\/betriebsrat.jaw.or.at\/?page_id=78","title":{"rendered":"\u00dcber uns"},"content":{"rendered":"<p>Der Betriebsrat\u00a0der\u00a0Jugend am Werk Steiermark GmbH ist ein, von den ArbeitnehmerInnen,\u00a0gew\u00e4hltes Kollegialorgan und kann bereits auf ein \u00fcber 30-j\u00e4hriges Bestehen zur\u00fcckblicken.<\/p>\n<p>Der Betriebsrat ist als Vertretung der ArbeitnehmerInnen zur Wahrung und F\u00f6rderung der wirtschaftlichen, sozialen, gesundheitlichen und kulturellen Interessen der ArbeitnehmerInnen im Unternehmen berufen.<\/p>\n<p>Nach einer erfolgreichen Wahl\u00a0 hat die aktuelle Betriebsratsperiode im J\u00e4nner 2022 begonnen. Die 14 gew\u00e4hlten Mitglieder \u00fcben ihr Mandat 5 Jahre aus.<\/p>\n<p>Die Betriebsratsmitglieder aus den unterschiedlichsten Arbeitsbereichen sollen die vielf\u00e4ltigen\u00a0Angebote und Dienstleistungen\u00a0bei Jugend am Werk widerspiegeln.<\/p>\n<p>Die Zusammenarbeit\u00a0zwischen Betriebsrat und\u00a0der Gewerkschaft sowie der Arbeiterkammer ist gesetzlich verankert.<\/p>\n","protected":false},"excerpt":{"rendered":"<p>Der Betriebsrat\u00a0der\u00a0Jugend am Werk Steiermark GmbH ist ein, von den ArbeitnehmerInnen,\u00a0gew\u00e4hltes Kollegialorgan und kann bereits auf ein \u00fcber 30-j\u00e4hriges Bestehen zur\u00fcckblicken. Der Betriebsrat ist als Vertretung der ArbeitnehmerInnen zur Wahrung und F\u00f6rderung der wirtschaftlichen, sozialen, gesundheitlichen und kulturellen Interessen der &hellip; <a href=\"https:\/\/betriebsrat.jaw.or.at\/?page_id=78\">Weiterlesen <span class=\"meta-nav\">&rarr;<\/span><\/a><\/p>\n","protected":false},"author":2,"featured_media":0,"parent":0,"menu_order":0,"comment_status":"closed","ping_status":"closed","template":"","meta":{"footnotes":""},"class_list":["post-78","page","type-page","status-publish","hentry"],"_links":{"self":[{"href":"https:\/\/betriebsrat.jaw.or.at\/index.php?rest_route=\/wp\/v2\/pages\/78","targetHints":{"allow":["GET"]}}],"collection":[{"href":"https:\/\/betriebsrat.jaw.or.at\/index.php?rest_route=\/wp\/v2\/pages"}],"about":[{"href":"https:\/\/betriebsrat.jaw.or.at\/index.php?rest_route=\/wp\/v2\/types\/page"}],"author":[{"embeddable":true,"href":"https:\/\/betriebsrat.jaw.or.at\/index.php?rest_route=\/wp\/v2\/users\/2"}],"replies":[{"embeddable":true,"href":"https:\/\/betriebsrat.jaw.or.at\/index.php?rest_route=%2Fwp%2Fv2%2Fcomments&post=78"}],"version-history":[{"count":2,"href":"https:\/\/betriebsrat.jaw.or.at\/index.php?rest_route=\/wp\/v2\/pages\/78\/revisions"}],"predecessor-version":[{"id":1238,"href":"https:\/\/betriebsrat.jaw.or.at\/index.php?rest_route=\/wp\/v2\/pages\/78\/revisions\/1238"}],"wp:attachment":[{"href":"https:\/\/betriebsrat.jaw.or.at\/index.php?rest_route=%2Fwp%2Fv2%2Fmedia&parent=78"}],"curies":[{"name":"wp","href":"https:\/\/api.w.org\/{rel}","templated":true}]}}