{"id":21,"date":"2017-07-11T10:30:40","date_gmt":"2017-07-11T08:30:40","guid":{"rendered":"https:\/\/betriebsratjaw.wordpress.com\/?page_id=21"},"modified":"2025-08-27T06:27:42","modified_gmt":"2025-08-27T06:27:42","slug":"aktuelles","status":"publish","type":"page","link":"https:\/\/betriebsrat.jaw.or.at\/?page_id=21","title":{"rendered":"gpa"},"content":{"rendered":"<div class=\"wp-block-image\">\n<figure class=\"aligncenter size-large is-resized\"><a href=\"https:\/\/www.gpa.at\/die-gpa\/bundeslaender\/steiermark\"><img decoding=\"async\" src=\"https:\/\/betriebsrat.jaw.or.at\/wp-content\/uploads\/2021\/01\/GPA_LOGO_Logo_Claim-4C-1.jpg\" alt=\"gpa - Logo\" style=\"width:182px;height:111px\"\/><\/a><\/figure>\n<\/div>\n\n<p>Die Kooperation&nbsp;mit der Gewerkschaft ist uns enorm wichtig, denn nur mit einer starken Gewerkschaft k\u00f6nnen wir h\u00f6here L\u00f6hne, bessere Arbeitsbedingungen und mehr Mitbestimmung bei Arbeitszeitverk\u00fcrzungen erreichen.<\/p>\n<p>Die Mitgliedschaft bringt viele Vorteile:<\/p>\n<ul>\n<li>starker Kollektivvertrag<\/li>\n<li>\n<div><span class=\"lauftext\">beste Beratung rund um das Arbeitsrechts<\/span><\/div>\n<\/li>\n<li>\n<div><span class=\"lauftext\">kostenloser Rechtsschutz<\/span><\/div>\n<\/li>\n<li>\n<div><span class=\"lauftext\">kostenloser Wohnungsservice<\/span><\/div>\n<\/li>\n<li>\n<div><span class=\"lauftext\">kostenlose Berufshaftpflichtversicherung<\/span><\/div>\n<\/li>\n<li>\n<div><span class=\"lauftext\">kostenlose Unfall- und Spitalsgeld Versicherung<\/span><\/div>\n<\/li>\n<li>Mitbestimmung als Mitglied<\/li>\n<li>\n<div><span class=\"lauftext\">Erm\u00e4\u00dfigungen bei zahlreichen Urlaubs\/ Freizeit- und Bildungsangeboten u.v.m<\/span>.<\/div>\n<\/li>\n<\/ul>\n<p>Je mehr Mitglieder,&nbsp;umso kraftvoller&nbsp;kann die Gewerkschaft die Interessen der Arbeitnehmerinnen vertreten.<\/p>\n<p><a href=\"https:\/\/betriebsrat.jaw.or.at\/wp-content\/uploads\/2021\/01\/Mitglied-sein-bringts_2021.pdf\">Jetzt Mitglied werden!<\/a><\/p>","protected":false},"excerpt":{"rendered":"<p>Die Kooperation&nbsp;mit der Gewerkschaft ist uns enorm wichtig, denn nur mit einer starken Gewerkschaft k\u00f6nnen wir h\u00f6here L\u00f6hne, bessere Arbeitsbedingungen und mehr Mitbestimmung bei Arbeitszeitverk\u00fcrzungen erreichen. Die Mitgliedschaft bringt viele Vorteile: starker Kollektivvertrag beste Beratung rund um das Arbeitsrechts kostenloser &hellip; <a href=\"https:\/\/betriebsrat.jaw.or.at\/?page_id=21\">Weiterlesen <span class=\"meta-nav\">&rarr;<\/span><\/a><\/p>\n","protected":false},"author":2,"featured_media":0,"parent":0,"menu_order":0,"comment_status":"closed","ping_status":"closed","template":"","meta":{"footnotes":""},"class_list":["post-21","page","type-page","status-publish","hentry"],"_links":{"self":[{"href":"https:\/\/betriebsrat.jaw.or.at\/index.php?rest_route=\/wp\/v2\/pages\/21","targetHints":{"allow":["GET"]}}],"collection":[{"href":"https:\/\/betriebsrat.jaw.or.at\/index.php?rest_route=\/wp\/v2\/pages"}],"about":[{"href":"https:\/\/betriebsrat.jaw.or.at\/index.php?rest_route=\/wp\/v2\/types\/page"}],"author":[{"embeddable":true,"href":"https:\/\/betriebsrat.jaw.or.at\/index.php?rest_route=\/wp\/v2\/users\/2"}],"replies":[{"embeddable":true,"href":"https:\/\/betriebsrat.jaw.or.at\/index.php?rest_route=%2Fwp%2Fv2%2Fcomments&post=21"}],"version-history":[{"count":6,"href":"https:\/\/betriebsrat.jaw.or.at\/index.php?rest_route=\/wp\/v2\/pages\/21\/revisions"}],"predecessor-version":[{"id":1645,"href":"https:\/\/betriebsrat.jaw.or.at\/index.php?rest_route=\/wp\/v2\/pages\/21\/revisions\/1645"}],"wp:attachment":[{"href":"https:\/\/betriebsrat.jaw.or.at\/index.php?rest_route=%2Fwp%2Fv2%2Fmedia&parent=21"}],"curies":[{"name":"wp","href":"https:\/\/api.w.org\/{rel}","templated":true}]}}